{"id":10198,"date":"2019-04-11T23:26:51","date_gmt":"2019-04-11T23:26:51","guid":{"rendered":"https:\/\/www.shoptmg.com\/?product=doterra-aromatouch-technique-kit"},"modified":"2020-01-05T21:32:18","modified_gmt":"2020-01-05T21:32:18","slug":"doterra-aromatouch-technique-kit","status":"publish","type":"product","link":"https:\/\/shoptmg.com\/?product=doterra-aromatouch-technique-kit","title":{"rendered":"doTERRA AromaTouch Technique Kit"},"content":{"rendered":"<p><!-- show up to 2 reviews by default --><\/p>\n<p>Increase the advantages you experience with CPTG crucial oils by incorporating the AromaTouch Technique into your healthy way of life philosophy.<\/p>\n<p>This kit comprises 5 mL bottles of d\u014dTERRA Balance, Lavender, Peppermint, Melaleuca, Wild Orange, AromaTouch, Deep Blue, and d\u014dTERRA On Guard. You&#8217;re going to also receive d\u014dTERRA Fractionated Coconut Oil (4 oz.) while you purchase this kit.<\/p>\n<p>Would you like to learn more about how to perform the AromaTouch Technique? Don\u2019t fret! The new kit presentation comes with a quick reference guide and instructions, along with a link and code to view helpful videos to learn the AromaTouch Technique and Hand Technique.<\/p>\n","protected":false},"excerpt":{"rendered":"<p>The AromaTouch Technique combines the use of CPTG Certified Pure Therapeutic Grade essential oils and a well-documented application technique to support overall wellbeing.<\/p>\n","protected":false},"featured_media":16908,"comment_status":"closed","ping_status":"closed","template":"","meta":{"_monsterinsights_skip_tracking":false,"_monsterinsights_sitenote_active":false,"_monsterinsights_sitenote_note":"","_monsterinsights_sitenote_category":0},"product_brand":[],"product_cat":[3467],"product_tag":[],"class_list":{"0":"post-10198","1":"product","2":"type-product","3":"status-publish","4":"has-post-thumbnail","6":"product_cat-better-together","7":"pa_brand-doterra","8":"pa_shipping-weight-1-5-pounds","10":"first","11":"instock","12":"shipping-taxable","13":"product-type-external"},"yoast_head":"<!-- This site is optimized with the Yoast SEO plugin v27.1.1 - https:\/\/yoast.com\/product\/yoast-seo-wordpress\/ -->\n<title>doTERRA AromaTouch Technique Kit - SHOP TMG<\/title>\n<meta name=\"robots\" content=\"index, follow, max-snippet:-1, max-image-preview:large, max-video-preview:-1\" \/>\n<link rel=\"canonical\" href=\"https:\/\/shoptmg.com\/?product=doterra-aromatouch-technique-kit\" \/>\n<script type=\"application\/ld+json\" class=\"yoast-schema-graph\">{\"@context\":\"https:\/\/schema.org\",\"@graph\":[{\"@type\":\"BreadcrumbList\",\"@id\":\"https:\/\/shoptmg.com\/?product=doterra-aromatouch-technique-kit#breadcrumb\",\"itemListElement\":[{\"@type\":\"ListItem\",\"position\":1,\"name\":\"Home\",\"item\":\"https:\/\/shoptmg.com\/\"},{\"@type\":\"ListItem\",\"position\":2,\"name\":\"Shop\",\"item\":\"https:\/\/shoptmg.com\/?page_id=4\"},{\"@type\":\"ListItem\",\"position\":3,\"name\":\"doTERRA AromaTouch Technique Kit\"}]}]}<\/script>\n<!-- \/ Yoast SEO plugin. -->","yoast_head_json":{"title":"doTERRA AromaTouch Technique Kit - SHOP TMG","robots":{"index":"index","follow":"follow","max-snippet":"max-snippet:-1","max-image-preview":"max-image-preview:large","max-video-preview":"max-video-preview:-1"},"canonical":"https:\/\/shoptmg.com\/?product=doterra-aromatouch-technique-kit","schema":{"@context":"https:\/\/schema.org","@graph":[{"@type":"BreadcrumbList","@id":"https:\/\/shoptmg.com\/?product=doterra-aromatouch-technique-kit#breadcrumb","itemListElement":[{"@type":"ListItem","position":1,"name":"Home","item":"https:\/\/shoptmg.com\/"},{"@type":"ListItem","position":2,"name":"Shop","item":"https:\/\/shoptmg.com\/?page_id=4"},{"@type":"ListItem","position":3,"name":"doTERRA AromaTouch Technique Kit"}]}]}},"_links":{"self":[{"href":"https:\/\/shoptmg.com\/index.php?rest_route=\/wp\/v2\/product\/10198","targetHints":{"allow":["GET"]}}],"collection":[{"href":"https:\/\/shoptmg.com\/index.php?rest_route=\/wp\/v2\/product"}],"about":[{"href":"https:\/\/shoptmg.com\/index.php?rest_route=\/wp\/v2\/types\/product"}],"replies":[{"embeddable":true,"href":"https:\/\/shoptmg.com\/index.php?rest_route=%2Fwp%2Fv2%2Fcomments&post=10198"}],"wp:featuredmedia":[{"embeddable":true,"href":"https:\/\/shoptmg.com\/index.php?rest_route=\/wp\/v2\/media\/16908"}],"wp:attachment":[{"href":"https:\/\/shoptmg.com\/index.php?rest_route=%2Fwp%2Fv2%2Fmedia&parent=10198"}],"wp:term":[{"taxonomy":"product_brand","embeddable":true,"href":"https:\/\/shoptmg.com\/index.php?rest_route=%2Fwp%2Fv2%2Fproduct_brand&post=10198"},{"taxonomy":"product_cat","embeddable":true,"href":"https:\/\/shoptmg.com\/index.php?rest_route=%2Fwp%2Fv2%2Fproduct_cat&post=10198"},{"taxonomy":"product_tag","embeddable":true,"href":"https:\/\/shoptmg.com\/index.php?rest_route=%2Fwp%2Fv2%2Fproduct_tag&post=10198"}],"curies":[{"name":"wp","href":"https:\/\/api.w.org\/{rel}","templated":true}]}}